{"id":186,"date":"2024-08-28T13:28:13","date_gmt":"2024-08-28T19:28:13","guid":{"rendered":"https:\/\/ipandl.sistemaspdv.com\/?page_id=186"},"modified":"2024-10-02T13:10:13","modified_gmt":"2024-10-02T19:10:13","slug":"aviso-de-privacidad","status":"publish","type":"page","link":"https:\/\/ipandl.com\/?page_id=186","title":{"rendered":"AVISO DE PRIVACIDAD"},"content":{"rendered":"\n\n\t<p>INTELLECTUAL PROPERTY AND LAW S.A DE C.V, con domicilio en Calle Laja No. 203, Col Jardines del Moral C.P., 37160, Le\u00f3n Guanajuato; estamos comprometidos con la protecci\u00f3n de sus datos personales. La informaci\u00f3n que recabamos se utilizar\u00e1 para ofrecer nuestros servicios de consultor\u00eda fiscal y contable, realizar facturaci\u00f3n, y cumplir con obligaciones legales.<\/p>\n<p>Sus datos ser\u00e1n tratados de manera confidencial y segura, y solo ser\u00e1n compartidos con terceros cuando sea necesario por razones legales o contractuales.<\/p>\n<p>Usted tiene derecho a acceder, rectificar, cancelar u oponerse al tratamiento de sus datos (Derechos ARCO). Para ejercer estos derechos o recibir m\u00e1s informaci\u00f3n, puede contactarnos en tuconsultor@ipandl.com. Este aviso de privacidad puede modificarse; cualquier cambio ser\u00e1 comunicado a trav\u00e9s de nuestro sitio web www.ipandl.com.<\/p>\n\n","protected":false},"excerpt":{"rendered":"<p>INTELLECTUAL PROPERTY AND LAW S.A DE C.V, con domicilio en Calle Laja No. 203, Col Jardines del Moral C.P., 37160, Le\u00f3n Guanajuato; estamos comprometidos con la protecci\u00f3n de sus datos personales. La informaci\u00f3n que recabamos se utilizar\u00e1 para ofrecer nuestros servicios de consultor\u00eda fiscal y contable, realizar facturaci\u00f3n, y cumplir con obligaciones legales. Sus datos&hellip; <br \/> <a class=\"read-more\" href=\"https:\/\/ipandl.com\/?page_id=186\">Leer m\u00e1s<\/a><\/p>\n","protected":false},"author":1,"featured_media":187,"parent":0,"menu_order":0,"comment_status":"closed","ping_status":"closed","template":"","meta":{"footnotes":""},"class_list":["post-186","page","type-page","status-publish","has-post-thumbnail","hentry"],"_links":{"self":[{"href":"https:\/\/ipandl.com\/index.php?rest_route=\/wp\/v2\/pages\/186","targetHints":{"allow":["GET"]}}],"collection":[{"href":"https:\/\/ipandl.com\/index.php?rest_route=\/wp\/v2\/pages"}],"about":[{"href":"https:\/\/ipandl.com\/index.php?rest_route=\/wp\/v2\/types\/page"}],"author":[{"embeddable":true,"href":"https:\/\/ipandl.com\/index.php?rest_route=\/wp\/v2\/users\/1"}],"replies":[{"embeddable":true,"href":"https:\/\/ipandl.com\/index.php?rest_route=%2Fwp%2Fv2%2Fcomments&post=186"}],"version-history":[{"count":3,"href":"https:\/\/ipandl.com\/index.php?rest_route=\/wp\/v2\/pages\/186\/revisions"}],"predecessor-version":[{"id":238,"href":"https:\/\/ipandl.com\/index.php?rest_route=\/wp\/v2\/pages\/186\/revisions\/238"}],"wp:featuredmedia":[{"embeddable":true,"href":"https:\/\/ipandl.com\/index.php?rest_route=\/wp\/v2\/media\/187"}],"wp:attachment":[{"href":"https:\/\/ipandl.com\/index.php?rest_route=%2Fwp%2Fv2%2Fmedia&parent=186"}],"curies":[{"name":"wp","href":"https:\/\/api.w.org\/{rel}","templated":true}]}}