{"id":165,"date":"2024-08-28T13:10:25","date_gmt":"2024-08-28T19:10:25","guid":{"rendered":"https:\/\/ipandl.sistemaspdv.com\/?page_id=165"},"modified":"2024-08-28T18:37:04","modified_gmt":"2024-08-29T00:37:04","slug":"blog_-2","status":"publish","type":"page","link":"https:\/\/ipandl.com\/?page_id=165","title":{"rendered":"BLOG"},"content":{"rendered":"\n\n\t<h1><strong>Bienvenidos al Blog de IP&amp;L &#8211; Tu Socio en Gesti\u00f3n Empresarial<\/strong><\/h1>\n<p>En un entorno empresarial complejo, ofrecemos soluciones adaptadas a las necesidades de las PYMES en defensa fiscal, consultor\u00eda contable, prevenci\u00f3n de lavado de dinero y gobierno corporativo. Nuestro blog te proporciona informaci\u00f3n actualizada y pr\u00e1ctica para fortalecer tu negocio, cumpliendo con normativas y optimizando la gesti\u00f3n. Explora nuestros art\u00edculos y gu\u00edas para tomar decisiones estrat\u00e9gicas y enfrentar los desaf\u00edos empresariales con confianza.<\/p>\n\n","protected":false},"excerpt":{"rendered":"<p>Bienvenidos al Blog de IP&amp;L &#8211; Tu Socio en Gesti\u00f3n Empresarial En un entorno empresarial complejo, ofrecemos soluciones adaptadas a las necesidades de las PYMES en defensa fiscal, consultor\u00eda contable, prevenci\u00f3n de lavado de dinero y gobierno corporativo. Nuestro blog te proporciona informaci\u00f3n actualizada y pr\u00e1ctica para fortalecer tu negocio, cumpliendo con normativas y optimizando&hellip; <br \/> <a class=\"read-more\" href=\"https:\/\/ipandl.com\/?page_id=165\">Leer m\u00e1s<\/a><\/p>\n","protected":false},"author":1,"featured_media":185,"parent":0,"menu_order":0,"comment_status":"closed","ping_status":"closed","template":"","meta":{"footnotes":""},"class_list":["post-165","page","type-page","status-publish","has-post-thumbnail","hentry"],"_links":{"self":[{"href":"https:\/\/ipandl.com\/index.php?rest_route=\/wp\/v2\/pages\/165","targetHints":{"allow":["GET"]}}],"collection":[{"href":"https:\/\/ipandl.com\/index.php?rest_route=\/wp\/v2\/pages"}],"about":[{"href":"https:\/\/ipandl.com\/index.php?rest_route=\/wp\/v2\/types\/page"}],"author":[{"embeddable":true,"href":"https:\/\/ipandl.com\/index.php?rest_route=\/wp\/v2\/users\/1"}],"replies":[{"embeddable":true,"href":"https:\/\/ipandl.com\/index.php?rest_route=%2Fwp%2Fv2%2Fcomments&post=165"}],"version-history":[{"count":6,"href":"https:\/\/ipandl.com\/index.php?rest_route=\/wp\/v2\/pages\/165\/revisions"}],"predecessor-version":[{"id":236,"href":"https:\/\/ipandl.com\/index.php?rest_route=\/wp\/v2\/pages\/165\/revisions\/236"}],"wp:featuredmedia":[{"embeddable":true,"href":"https:\/\/ipandl.com\/index.php?rest_route=\/wp\/v2\/media\/185"}],"wp:attachment":[{"href":"https:\/\/ipandl.com\/index.php?rest_route=%2Fwp%2Fv2%2Fmedia&parent=165"}],"curies":[{"name":"wp","href":"https:\/\/api.w.org\/{rel}","templated":true}]}}