{"id":117,"date":"2024-08-27T21:52:56","date_gmt":"2024-08-28T03:52:56","guid":{"rendered":"https:\/\/ipandl.sistemaspdv.com\/?page_id=117"},"modified":"2025-09-02T20:09:27","modified_gmt":"2025-09-03T02:09:27","slug":"cultura-corporativa","status":"publish","type":"page","link":"https:\/\/ipandl.com\/?page_id=117","title":{"rendered":"CULTURA CORPORATIVA"},"content":{"rendered":"\n\n\t\t\t\t<img decoding=\"async\" src=\"https:\/\/ipandl.sistemaspdv.com\/wp-content\/uploads\/2024\/08\/culturacorporativa_derechosocietario.png\" alt=\"ipandl cultura corporativa derecho societario\" itemprop=\"image\" title=\"ipandl cultura corporativa derecho societario\" onerror=\"this.style.display='none'\"  \/>\n\t<strong>DERECHO SOCIETARIO<\/strong>\n.\n<p>Proporcionamos asesor\u00eda, representaci\u00f3n jur\u00eddica a empresas y\/o corporativos, para la constituci\u00f3n de todo tipo de sociedades, asambleas, disoluci\u00f3n y liquidaci\u00f3n de empresas, alianzas estrat\u00e9gicas y Joint Ventures, as\u00ed como tambi\u00e9n sistemas de gobierno corporativo.<\/p>\n\t<strong>PLANEACI\u00d3N PATRIMONIAL<\/strong>\n.\n<p>Brindamos asesor\u00edas en pol\u00edticas accionarias, separaci\u00f3n del patrimonio de las empresas y del patrimonio familiar, a fin de proteger el mismo; desarrollamos planes adecuados de sucesi\u00f3n y garant\u00edas de continuidad en las empresas para las generaciones futuras.<\/p>\n\t\t\t\t<img decoding=\"async\" src=\"https:\/\/ipandl.sistemaspdv.com\/wp-content\/uploads\/2024\/08\/culturacorporativa_planeacionpatrimonial.png\" alt=\"ipandl culturacorporativa_planeacion patrimonial\" itemprop=\"image\" title=\"ipandl culturacorporativa_planeacion patrimonial\" onerror=\"this.style.display='none'\"  \/>\n\t<p><strong>CONTRACTUAL<\/strong><\/p>\n\t\t\t\t<img decoding=\"async\" src=\"https:\/\/ipandl.sistemaspdv.com\/wp-content\/uploads\/2024\/08\/culturacorporativa_contractual_contratosdearrendamiento.png\" alt=\"ipandl culturacorporativa_contractual_contratosdearrendamiento\" itemprop=\"image\" title=\"ipandl culturacorporativa_contractual_contratosdearrendamiento\" onerror=\"this.style.display='none'\"  \/>\n\t<p><strong>CONTRATOS DE ARRENDAMIENTO<\/strong><\/p>\n\t\t\t\t<img decoding=\"async\" src=\"https:\/\/ipandl.sistemaspdv.com\/wp-content\/uploads\/2024\/08\/culturacorporativa_contractual_contratosdebienesinmuebles.png\" alt=\"IP AND L culturacorporativa_contractual_contratosdebienesinmuebles\" itemprop=\"image\" title=\"IP AND L culturacorporativa_contractual_contratosdebienesinmuebles\" onerror=\"this.style.display='none'\"  \/>\n\t<p><strong>CONTRATOS DE BIENES INMUEBLES<\/strong><\/p>\n\t\t\t\t<img decoding=\"async\" src=\"https:\/\/ipandl.sistemaspdv.com\/wp-content\/uploads\/2024\/08\/culturacorporativa_contractual_contratosdecomodato.png\" alt=\"IP AND L culturacorporativa_contractual_contratosdecomodato\" itemprop=\"image\" title=\"IP AND L culturacorporativa_contractual_contratosdecomodato\" onerror=\"this.style.display='none'\"  \/>\n\t<p><strong>CONTRATOS DE COMODATO<\/strong><\/p>\n\t\t\t\t<img decoding=\"async\" src=\"https:\/\/ipandl.sistemaspdv.com\/wp-content\/uploads\/2024\/08\/culturacorporativa_contractual_contratosdemutuo.png\" alt=\"ipandl culturacorporativa_contractual_contratosdemutuo\" itemprop=\"image\" title=\"ipandl culturacorporativa_contractual_contratosdemutuo\" onerror=\"this.style.display='none'\"  \/>\n\t<p><strong>CONTRATOS DE MUTUO<\/strong><\/p>\n\t\t\t\t<img decoding=\"async\" src=\"https:\/\/ipandl.sistemaspdv.com\/wp-content\/uploads\/2024\/08\/culturacorporativa_beneficiariocontralor.jpg\" alt=\"ip and l Beneficiario Contralor\" itemprop=\"image\" title=\"ip and l Beneficiario Contralor\" onerror=\"this.style.display='none'\"  \/>\n\t\t\t<a href=\"https:\/\/ipandl.sistemaspdv.com\/?page_id=134\" target=\"_self\">\n\t\t\t\t\t\t\tBeneficiario Controlador\n\t\t\t<\/a>\n\n","protected":false},"excerpt":{"rendered":"<p>DERECHO SOCIETARIO . Proporcionamos asesor\u00eda, representaci\u00f3n jur\u00eddica a empresas y\/o corporativos, para la constituci\u00f3n de todo tipo de sociedades, asambleas, disoluci\u00f3n y liquidaci\u00f3n de empresas, alianzas estrat\u00e9gicas y Joint Ventures, as\u00ed como tambi\u00e9n sistemas de gobierno corporativo. PLANEACI\u00d3N PATRIMONIAL . Brindamos asesor\u00edas en pol\u00edticas accionarias, separaci\u00f3n del patrimonio de las empresas y del patrimonio familiar,&hellip; <br \/> <a class=\"read-more\" href=\"https:\/\/ipandl.com\/?page_id=117\">Leer m\u00e1s<\/a><\/p>\n","protected":false},"author":1,"featured_media":122,"parent":0,"menu_order":0,"comment_status":"closed","ping_status":"closed","template":"","meta":{"footnotes":""},"class_list":["post-117","page","type-page","status-publish","has-post-thumbnail","hentry"],"_links":{"self":[{"href":"https:\/\/ipandl.com\/index.php?rest_route=\/wp\/v2\/pages\/117","targetHints":{"allow":["GET"]}}],"collection":[{"href":"https:\/\/ipandl.com\/index.php?rest_route=\/wp\/v2\/pages"}],"about":[{"href":"https:\/\/ipandl.com\/index.php?rest_route=\/wp\/v2\/types\/page"}],"author":[{"embeddable":true,"href":"https:\/\/ipandl.com\/index.php?rest_route=\/wp\/v2\/users\/1"}],"replies":[{"embeddable":true,"href":"https:\/\/ipandl.com\/index.php?rest_route=%2Fwp%2Fv2%2Fcomments&post=117"}],"version-history":[{"count":7,"href":"https:\/\/ipandl.com\/index.php?rest_route=\/wp\/v2\/pages\/117\/revisions"}],"predecessor-version":[{"id":245,"href":"https:\/\/ipandl.com\/index.php?rest_route=\/wp\/v2\/pages\/117\/revisions\/245"}],"wp:featuredmedia":[{"embeddable":true,"href":"https:\/\/ipandl.com\/index.php?rest_route=\/wp\/v2\/media\/122"}],"wp:attachment":[{"href":"https:\/\/ipandl.com\/index.php?rest_route=%2Fwp%2Fv2%2Fmedia&parent=117"}],"curies":[{"name":"wp","href":"https:\/\/api.w.org\/{rel}","templated":true}]}}